{"id":2085,"date":"2024-04-19T17:33:20","date_gmt":"2024-04-19T17:33:20","guid":{"rendered":"https:\/\/dammsvillas.com\/?page_id=2085"},"modified":"2024-05-16T17:36:44","modified_gmt":"2024-05-16T17:36:44","slug":"experiences","status":"publish","type":"page","link":"https:\/\/dammsvillas.com\/al\/experiences\/","title":{"rendered":"Eksperienca"},"content":{"rendered":"<div data-elementor-type=\"wp-page\" data-elementor-id=\"2085\" class=\"elementor elementor-2085\" data-elementor-post-type=\"page\">\n\t\t\t\t<div class=\"elementor-element elementor-element-24f6ff6 e-flex e-con-boxed e-con e-parent\" data-id=\"24f6ff6\" data-element_type=\"container\" data-e-type=\"container\" data-settings=\"{&quot;background_background&quot;:&quot;classic&quot;}\">\n\t\t\t\t\t<div class=\"e-con-inner\">\n\t\t\t\t\t<\/div>\n\t\t\t\t<\/div>\n\t\t<div class=\"elementor-element elementor-element-ca975b4 e-flex e-con-boxed e-con e-parent\" data-id=\"ca975b4\" data-element_type=\"container\" data-e-type=\"container\">\n\t\t\t\t\t<div class=\"e-con-inner\">\n\t\t\t\t<div class=\"elementor-element elementor-element-1c0cebf elementor-widget elementor-widget-cs_title\" data-id=\"1c0cebf\" data-element_type=\"widget\" data-e-type=\"widget\" data-widget_type=\"cs_title.default\">\n\t\t\t\t<div class=\"elementor-widget-container\">\n\t\t\t\t\t\n        <div class=\"cs-title-wrap text-center\">\t            <div class=\"cs-subtitle-wrap\"><span class=\"cs-subtitle\">Zbuloni eksperienca t\u00eb reja<\/span><\/div>\t            <h4 class=\"cs-title\">\n\t                Eksploroni shum\u00ebllojshm\u00ebrine e aktiviteve gjat\u00eb pushimeve tuaja\t            <\/h4>\t            <div class=\"cs-title-text\">\n\t                <p>P\u00ebrjetoni mrekullit\u00eb e Rivier\u00ebs Shqiptare me nj\u00eb gam\u00eb t\u00eb gjer\u00eb aktivitetesh q\u00eb variojn\u00eb nga relaksi n\u00eb plazh deri te sportet drith\u00ebruese. Zbuloni plazhe t\u00eb panjohura, ecni n\u00eb shtigje t\u00eb panjohura ose zhytuni n\u00eb kultur\u00ebn e pasur t\u00eb fshatrave bregdetare\u2014ka di\u00e7ka p\u00ebr \u00e7do tipologji udh\u00ebtari.<\/p>\t            <\/div>        <\/div>\t\t\t\t<\/div>\n\t\t\t\t<\/div>\n\t\t\t\t\t<\/div>\n\t\t\t\t<\/div>\n\t\t\t\t<section class=\"elementor-section elementor-top-section elementor-element elementor-element-b880651 elementor-section-boxed elementor-section-height-default elementor-section-height-default\" data-id=\"b880651\" data-element_type=\"section\" data-e-type=\"section\">\n\t\t\t\t\t\t<div class=\"elementor-container elementor-column-gap-no\">\n\t\t\t\t\t<div class=\"elementor-column elementor-col-33 elementor-top-column elementor-element elementor-element-cfb974b\" data-id=\"cfb974b\" data-element_type=\"column\" data-e-type=\"column\">\n\t\t\t<div class=\"elementor-widget-wrap elementor-element-populated\">\n\t\t\t\t\t\t<div class=\"elementor-element elementor-element-c543376 cs-animation-small-offset elementor-invisible elementor-widget elementor-widget-cs_fancy_card\" data-id=\"c543376\" data-element_type=\"widget\" data-e-type=\"widget\" data-settings=\"{&quot;_animation&quot;:&quot;fadeInDown&quot;,&quot;_animation_delay&quot;:200}\" data-widget_type=\"cs_fancy_card.default\">\n\t\t\t\t<div class=\"elementor-widget-container\">\n\t\t\t\t\t\n\t\t<div class=\"cs-fancy-card style-2 text-center cs-hover-img-zoom\">\n            <div class=\"cs-fc-wrap\">\t                <a class=\"cs-fc-link\" href=\"\/al\/experiences\/stunning-beaches\/\"><\/a>\t               \t<div class=\"cs-fc-img\">\n\t                    <img fetchpriority=\"high\" decoding=\"async\" width=\"400\" height=\"600\" src=\"https:\/\/dammsvillas.com\/wp-content\/uploads\/2024\/05\/beach-damms.png\" class=\"attachment-full size-full wp-image-2560\" alt=\"\" srcset=\"https:\/\/dammsvillas.com\/wp-content\/uploads\/2024\/05\/beach-damms.png 400w, https:\/\/dammsvillas.com\/wp-content\/uploads\/2024\/05\/beach-damms-200x300.png 200w, https:\/\/dammsvillas.com\/wp-content\/uploads\/2024\/05\/beach-damms-370x555.png 370w, https:\/\/dammsvillas.com\/wp-content\/uploads\/2024\/05\/beach-damms-255x383.png 255w\" sizes=\"(max-width: 400px) 100vw, 400px\" \/>\t                <\/div>\n                <div class=\"cs-fc-content\">\t\t\t            <h6 class=\"cs-fc-title cs-title\">\n\t\t\t                Plazhe Mahnit\u00ebse\n\t\t\t            <\/h6>\t\t                <div class=\"cs-fc-btn\">\n\t\t                    <a class=\"button cs-btn-underline\" role=\"button\" href=\"\/al\/experiences\/stunning-beaches\/\">\n\t\t                        <span class=\"cs-btn-text\">Shiko m\u00eb shum\u00eb<\/span>\t\t                    <\/a>\n\t\t                <\/div>\t\t\t\t<\/div>\n            <\/div>\n        <\/div>\t\t\t\t<\/div>\n\t\t\t\t<\/div>\n\t\t\t\t\t<\/div>\n\t\t<\/div>\n\t\t\t\t<div class=\"elementor-column elementor-col-33 elementor-top-column elementor-element elementor-element-ef3747c\" data-id=\"ef3747c\" data-element_type=\"column\" data-e-type=\"column\">\n\t\t\t<div class=\"elementor-widget-wrap elementor-element-populated\">\n\t\t\t\t\t\t<div class=\"elementor-element elementor-element-4f9cbac cs-animation-small-offset elementor-invisible elementor-widget elementor-widget-cs_fancy_card\" data-id=\"4f9cbac\" data-element_type=\"widget\" data-e-type=\"widget\" data-settings=\"{&quot;_animation&quot;:&quot;fadeInUp&quot;,&quot;_animation_delay&quot;:200}\" data-widget_type=\"cs_fancy_card.default\">\n\t\t\t\t<div class=\"elementor-widget-container\">\n\t\t\t\t\t\n\t\t<div class=\"cs-fancy-card style-2 text-center cs-hover-img-zoom\">\n            <div class=\"cs-fc-wrap\">\t                <a class=\"cs-fc-link\" href=\"\/al\/experiences\/cultural-escape\/\"><\/a>\t               \t<div class=\"cs-fc-img\">\n\t                    <img decoding=\"async\" width=\"400\" height=\"600\" src=\"https:\/\/dammsvillas.com\/wp-content\/uploads\/2024\/05\/cultural-damms.png\" class=\"attachment-full size-full wp-image-2559\" alt=\"\" srcset=\"https:\/\/dammsvillas.com\/wp-content\/uploads\/2024\/05\/cultural-damms.png 400w, https:\/\/dammsvillas.com\/wp-content\/uploads\/2024\/05\/cultural-damms-200x300.png 200w, https:\/\/dammsvillas.com\/wp-content\/uploads\/2024\/05\/cultural-damms-370x555.png 370w, https:\/\/dammsvillas.com\/wp-content\/uploads\/2024\/05\/cultural-damms-255x383.png 255w\" sizes=\"(max-width: 400px) 100vw, 400px\" \/>\t                <\/div>\n                <div class=\"cs-fc-content\">\t\t\t            <h6 class=\"cs-fc-title cs-title\">\n\t\t\t                Arratisje Kulturore\n\t\t\t            <\/h6>\t\t                <div class=\"cs-fc-btn\">\n\t\t                    <a class=\"button cs-btn-underline\" role=\"button\" href=\"\/al\/experiences\/cultural-escape\/\">\n\t\t                        <span class=\"cs-btn-text\">Shiko m\u00eb shum\u00eb<\/span>\t\t                    <\/a>\n\t\t                <\/div>\t\t\t\t<\/div>\n            <\/div>\n        <\/div>\t\t\t\t<\/div>\n\t\t\t\t<\/div>\n\t\t\t\t\t<\/div>\n\t\t<\/div>\n\t\t\t\t<div class=\"elementor-column elementor-col-33 elementor-top-column elementor-element elementor-element-7b15b5b\" data-id=\"7b15b5b\" data-element_type=\"column\" data-e-type=\"column\">\n\t\t\t<div class=\"elementor-widget-wrap elementor-element-populated\">\n\t\t\t\t\t\t<div class=\"elementor-element elementor-element-eae2adb cs-animation-small-offset elementor-invisible elementor-widget elementor-widget-cs_fancy_card\" data-id=\"eae2adb\" data-element_type=\"widget\" data-e-type=\"widget\" data-settings=\"{&quot;_animation&quot;:&quot;fadeInDown&quot;,&quot;_animation_delay&quot;:200}\" data-widget_type=\"cs_fancy_card.default\">\n\t\t\t\t<div class=\"elementor-widget-container\">\n\t\t\t\t\t\n\t\t<div class=\"cs-fancy-card style-2 text-center cs-hover-img-zoom\">\n            <div class=\"cs-fc-wrap\">\t                <a class=\"cs-fc-link\" href=\"\/al\/experiences\/outdoor-activities\/\"><\/a>\t               \t<div class=\"cs-fc-img\">\n\t                    <img decoding=\"async\" width=\"400\" height=\"600\" src=\"https:\/\/dammsvillas.com\/wp-content\/uploads\/2024\/05\/outdoors-damms.png\" class=\"attachment-full size-full wp-image-2558\" alt=\"\" srcset=\"https:\/\/dammsvillas.com\/wp-content\/uploads\/2024\/05\/outdoors-damms.png 400w, https:\/\/dammsvillas.com\/wp-content\/uploads\/2024\/05\/outdoors-damms-200x300.png 200w, https:\/\/dammsvillas.com\/wp-content\/uploads\/2024\/05\/outdoors-damms-370x555.png 370w, https:\/\/dammsvillas.com\/wp-content\/uploads\/2024\/05\/outdoors-damms-255x383.png 255w\" sizes=\"(max-width: 400px) 100vw, 400px\" \/>\t                <\/div>\n                <div class=\"cs-fc-content\">\t\t\t            <h6 class=\"cs-fc-title cs-title\">\n\t\t\t                Aktivitetet N\u00eb Natyr\u00eb\t\t\t            <\/h6>\t\t                <div class=\"cs-fc-btn\">\n\t\t                    <a class=\"button cs-btn-underline\" role=\"button\" href=\"\/al\/experiences\/outdoor-activities\/\">\n\t\t                        <span class=\"cs-btn-text\">Shiko m\u00eb shum\u00eb<\/span>\t\t                    <\/a>\n\t\t                <\/div>\t\t\t\t<\/div>\n            <\/div>\n        <\/div>\t\t\t\t<\/div>\n\t\t\t\t<\/div>\n\t\t\t\t\t<\/div>\n\t\t<\/div>\n\t\t\t\t\t<\/div>\n\t\t<\/section>\n\t\t\t\t<\/div>","protected":false},"excerpt":{"rendered":"<p>Explore new experiences Explore our diverse offerings for the ideal escape. Relax on stunning beaches, immerse yourself in cultural escapes, or engage in thrilling outdoor activities. Each setting promises unforgettable experiences and unparalleled beauty, tailored to satisfy every adventurer&#8217;s spirit. Stunning Beaches See More Cultural Escape See More Outdoor Activities See More<\/p>","protected":false},"author":1,"featured_media":0,"parent":0,"menu_order":0,"comment_status":"closed","ping_status":"closed","template":"elementor_header_footer","meta":{"cozystay_single_page_hide_site_header":"","cozystay_single_page_site_header_source":"","cozystay_single_page_custom_site_header":"","cozystay_single_page_custom_sticky_site_header":"","cozystay_single_page_hide_page_title":"","cozystay_single_page_header_section_size":"","cozystay_single_page_header_background_color":"","cozystay_single_page_header_background_position_x":"center","cozystay_single_page_header_background_position_y":"center","cozystay_single_page_header_background_size":"cover","cozystay_single_page_header_background_repeat":"off","cozystay_single_page_header_background_scroll":"on","cozystay_single_page_header_text_color":"","cozystay_single_page_header_show_breadcrumb":"","cozystay_single_page_site_footer_hide_main":"","cozystay_single_custom_site_footer_main_source":"","cozystay_single_custom_site_footer_main":"","cozystay_single_page_site_footer_hide_above":"","cozystay_single_custom_site_footer_above_source":"","cozystay_single_custom_site_footer_above":"","cozystay_single_page_site_footer_hide_instagram":"","cozystay_single_page_site_footer_hide_bottom":"","cozystay_single_custom_mobile_menu_source":"","cozystay_single_custom_mobile_menu":"","cozystay_single_custom_mobile_menu_animation":"","cozystay_single_custom_mobile_menu_width":"","cozystay_single_custom_mobile_menu_custom_width":375,"footnotes":""},"class_list":["post-2085","page","type-page","status-publish","hentry"],"_links":{"self":[{"href":"https:\/\/dammsvillas.com\/al\/wp-json\/wp\/v2\/pages\/2085","targetHints":{"allow":["GET"]}}],"collection":[{"href":"https:\/\/dammsvillas.com\/al\/wp-json\/wp\/v2\/pages"}],"about":[{"href":"https:\/\/dammsvillas.com\/al\/wp-json\/wp\/v2\/types\/page"}],"author":[{"embeddable":true,"href":"https:\/\/dammsvillas.com\/al\/wp-json\/wp\/v2\/users\/1"}],"replies":[{"embeddable":true,"href":"https:\/\/dammsvillas.com\/al\/wp-json\/wp\/v2\/comments?post=2085"}],"version-history":[{"count":43,"href":"https:\/\/dammsvillas.com\/al\/wp-json\/wp\/v2\/pages\/2085\/revisions"}],"predecessor-version":[{"id":2670,"href":"https:\/\/dammsvillas.com\/al\/wp-json\/wp\/v2\/pages\/2085\/revisions\/2670"}],"wp:attachment":[{"href":"https:\/\/dammsvillas.com\/al\/wp-json\/wp\/v2\/media?parent=2085"}],"curies":[{"name":"wp","href":"https:\/\/api.w.org\/{rel}","templated":true}]}}