{"id":1002,"date":"2023-04-22T07:58:56","date_gmt":"2023-04-22T07:58:56","guid":{"rendered":"https:\/\/cozystay.loftocean.com\/apartment\/?page_id=1002"},"modified":"2024-05-21T19:15:01","modified_gmt":"2024-05-21T19:15:01","slug":"quick-directions","status":"publish","type":"page","link":"https:\/\/dammsvillas.com\/al\/quick-directions\/","title":{"rendered":"Orientime t\u00eb shpejta"},"content":{"rendered":"<div data-elementor-type=\"wp-page\" data-elementor-id=\"1002\" class=\"elementor elementor-1002\" data-elementor-post-type=\"page\">\n\t\t\t\t\t\t<section class=\"elementor-section elementor-top-section elementor-element elementor-element-df19b59 elementor-section-height-min-height cs-section-content-fullwidth cs-parallax-on-scroll cs_scroll_y_80 elementor-section-boxed elementor-section-height-default elementor-section-items-middle\" data-id=\"df19b59\" data-element_type=\"section\" data-e-type=\"section\" data-settings=\"{&quot;background_background&quot;:&quot;classic&quot;}\" data-cs-parallax-y=\"80\" style=\"background-image: none;\" data-cs-background-image=\"https:\/\/cozystay.loftocean.com\/apartment\/wp-content\/uploads\/sites\/6\/2023\/05\/spacejoy-vPKNB_gc23Q-unsplash.jpg\">\n\t\t\t\t\t\t\t<div class=\"elementor-background-overlay\"><\/div>\n\t\t\t\t\t\t\t<div class=\"elementor-container elementor-column-gap-no\">\n\t\t\t\t\t<div class=\"elementor-column elementor-col-100 elementor-top-column elementor-element elementor-element-398db92 dark-color\" data-id=\"398db92\" data-element_type=\"column\" data-e-type=\"column\">\n\t\t\t<div class=\"elementor-widget-wrap elementor-element-populated\">\n\t\t\t\t\t\t<div class=\"elementor-element elementor-element-768b25f elementor-widget elementor-widget-cs_title\" data-id=\"768b25f\" data-element_type=\"widget\" data-e-type=\"widget\" data-widget_type=\"cs_title.default\">\n\t\t\t\t<div class=\"elementor-widget-container\">\n\t\t\t\t\t\n        <div class=\"cs-title-wrap text-center\">\t            <h1 class=\"cs-title\">\n\t                Orientime t\u00eb shpejta\t            <\/h1>\t            <div class=\"cs-title-text\">\n\t                <p>Gjith\u00e7ka ju duhet vet\u00ebm me nj\u00eb klikim!<\/p>\t            <\/div>        <\/div>\t\t\t\t<\/div>\n\t\t\t\t<\/div>\n\t\t\t\t\t<\/div>\n\t\t<\/div>\n\t\t\t\t\t<\/div>\n\t\t<\/section>\n\t\t<div class=\"elementor-element elementor-element-9d86bb6 e-flex e-con-boxed e-con e-parent\" data-id=\"9d86bb6\" data-element_type=\"container\" data-e-type=\"container\">\n\t\t\t\t\t<div class=\"e-con-inner\">\n\t\t<div class=\"elementor-element elementor-element-3da9177 e-con-full e-flex e-con e-child\" data-id=\"3da9177\" data-element_type=\"container\" data-e-type=\"container\">\n\t\t\t\t<div class=\"elementor-element elementor-element-8825552 elementor-widget elementor-widget-cs_tabs\" data-id=\"8825552\" data-element_type=\"widget\" data-e-type=\"widget\" data-widget_type=\"cs_tabs.default\">\n\t\t\t\t<div class=\"elementor-widget-container\">\n\t\t\t\t\t            <div class=\"cs-tabs\">\n                <div class=\"elementor-tabs-wrapper\" role=\"tablist\">                    <div class=\"elementor-tab-title elementor-tab-desktop-title elementor-active\">\n                        <a href=\"#elementor-tab-8825552-0\" class=\"tab-title-link\">Restorante &amp; Bare Plazhi<\/a>\n                    <\/div>                    <div class=\"elementor-tab-title elementor-tab-desktop-title\">\n                        <a href=\"#elementor-tab-8825552-1\" class=\"tab-title-link\">Dyqane dhe qendra tregtare<\/a>\n                    <\/div>                    <div class=\"elementor-tab-title elementor-tab-desktop-title\">\n                        <a href=\"#elementor-tab-8825552-2\" class=\"tab-title-link\">T\u00eb domosdoshme<\/a>\n                    <\/div>                    <div class=\"elementor-tab-title elementor-tab-desktop-title\">\n                        <a href=\"#elementor-tab-8825552-3\" class=\"tab-title-link\">Arg\u00ebtim &amp; Ture<\/a>\n                    <\/div>                    <div class=\"elementor-tab-title elementor-tab-desktop-title\">\n                        <a href=\"#elementor-tab-8825552-4\" class=\"tab-title-link\">Sallone &amp; SPA<\/a>\n                    <\/div>                <\/div>\n\n                <div class=\"elementor-tabs-content-wrapper\" role=\"tablist\" aria-orientation=\"horizontal\">                    <div id=\"elementor-tab-8825552-0\" class=\"elementor-tab-content elementor-clearfix elementor-active\"><p>Nazar Beach<\/p><p>+355 69 984 8647<\/p><p><span style=\"color: #00ccff;\"><a style=\"color: #00ccff;\" href=\"https:\/\/g.co\/kgs\/2RJN1wg\">https:\/\/g.co\/kgs\/2RJN1wg<\/a><\/span><\/p><p>Zoe Hora<\/p><p>+355 69 707 4000<\/p><p><span style=\"color: #00ccff;\"><a style=\"color: #00ccff;\" href=\"https:\/\/g.co\/kgs\/RTwsuZ8\">https:\/\/g.co\/kgs\/RTwsuZ8<\/a><\/span><\/p><p>Whisky<\/p><p>+355 69 226 9447<\/p><p><span style=\"color: #00ccff;\"><a style=\"color: #00ccff;\" href=\"https:\/\/g.co\/kgs\/fW3E3pR\">https:\/\/g.co\/kgs\/fW3E3pR<\/a><\/span><\/p><p>Fishop<\/p><p>+355 69 600 9064<\/p><p><span style=\"color: #00ccff;\"><a style=\"color: #00ccff;\" href=\"https:\/\/g.co\/kgs\/U8hZrSS\">https:\/\/g.co\/kgs\/U8hZrSS<\/a><\/span><\/p><p>Ulliri<\/p><p>+355 68 699 9999<\/p><p><span style=\"color: #00ccff;\"><a style=\"color: #00ccff;\" href=\"https:\/\/g.co\/kgs\/9xZYYCp\">https:\/\/g.co\/kgs\/9xZYYCp<\/a><\/span><\/p><p>Paleste Restaurant<\/p><p><span style=\"color: #00ccff;\"><a style=\"color: #00ccff;\" href=\"https:\/\/g.co\/kgs\/abtVruR\">https:\/\/g.co\/kgs\/abtVruR<\/a><\/span><\/p><p>Capri<\/p><p>+355 69 774 7774<\/p><p><span style=\"color: #00ccff;\"><a style=\"color: #00ccff;\" href=\"https:\/\/g.co\/kgs\/dYQTVrz\">https:\/\/g.co\/kgs\/dYQTVrz<\/a><\/span><\/p><p>Samoa<\/p><p>+355 69 345 5558<\/p><p><span style=\"color: #00ccff;\"><a style=\"color: #00ccff;\" href=\"https:\/\/g.co\/kgs\/CcMzjGo\">https:\/\/g.co\/kgs\/CcMzjGo<\/a><\/span><\/p><p>Bohemian<\/p><p><span style=\"color: #00ccff;\"><a style=\"color: #00ccff;\" href=\"https:\/\/g.co\/kgs\/oHgc1hF\">https:\/\/g.co\/kgs\/oHgc1hF<\/a><\/span><\/p><p>Grill and Souvlaki Stop<\/p><p>Down at the beachfront promenade, Green Coast<\/p><p>Moyo Drymades<\/p><p>+355 69 359 9122<\/p><p><span style=\"color: #00ccff;\"><a style=\"color: #00ccff;\" href=\"https:\/\/g.co\/kgs\/kFYYJGr\">https:\/\/g.co\/kgs\/kFYYJGr<\/a><\/span><\/p><p>Morsi Drymades<\/p><p>+355 69 397 1721<\/p><p><span style=\"color: #00ccff;\"><a style=\"color: #00ccff;\" href=\"https:\/\/g.co\/kgs\/8yiYaYM\">https:\/\/g.co\/kgs\/8yiYaYM<\/a><\/span><\/p>                    <\/div>                    <div id=\"elementor-tab-8825552-1\" class=\"elementor-tab-content elementor-clearfix hide\"><p>Galeria by TEG<\/p><p><span style=\"color: #00ccff;\"><a style=\"color: #00ccff;\" href=\"https:\/\/g.co\/kgs\/Ur6mRJp\">https:\/\/g.co\/kgs\/Ur6mRJp<\/a><\/span><\/p><p>Market Martino<\/p><p>+355 69 851 4013<\/p><p><span style=\"color: #00ccff;\"><a style=\"color: #00ccff;\" href=\"https:\/\/g.co\/kgs\/SBo8Ad2\">https:\/\/g.co\/kgs\/SBo8Ad2<\/a><\/span><\/p><p>Market Neco<\/p><p>+355 69 695 2425<\/p><p><span style=\"color: #00ccff;\"><a style=\"color: #00ccff;\" href=\"https:\/\/g.co\/kgs\/PyXXmBx\">https:\/\/g.co\/kgs\/PyXXmBx<\/a><\/span><\/p>                    <\/div>                    <div id=\"elementor-tab-8825552-2\" class=\"elementor-tab-content elementor-clearfix hide\"><p>Tirana Bank ATM<\/p><p>Down at the bachfront promenade, Green Coast<\/p><p>Raiffeisen Bank ATM<\/p><p>Down at the bachfront promenade, Green Coast<\/p><p>Unionnet &#8211; Western Union | PREMIUM ExCHANGE \/ 2 sh.p.k<\/p><p>+355 4 223 4979<\/p><p><span style=\"color: #00ccff;\"><a style=\"color: #00ccff;\" href=\"https:\/\/g.co\/kgs\/CMDuyot\">https:\/\/g.co\/kgs\/CMDuyot<\/a><\/span><\/p><p>Taxi Lux- Airport Transportation<\/p><p>048 333 333<\/p><p><span style=\"color: #00ccff;\"><a style=\"color: #00ccff;\" href=\"https:\/\/g.co\/kgs\/QyA4vXP\">https:\/\/g.co\/kgs\/QyA4vXP<\/a><\/span><\/p><p><span style=\"color: #00ccff;\"><a style=\"color: #00ccff;\" href=\"https:\/\/taxiluxalbania.al\/welcome\/\">https:\/\/taxiluxalbania.al\/welcome\/<\/a><\/span><\/p><p>Palase Health Center<\/p><p><span style=\"color: #00ccff;\">https:\/\/g.co\/kgs\/q3Zjomf<\/span><\/p><p><span style=\"color: #00ccff;\"><a style=\"color: #00ccff;\" href=\"https:\/\/g.co\/kgs\/q3Zjomf\">https:\/\/pine.al\/activity\/qendra-shendetesore\/qendra-shendetesore-palase<\/a><\/span><\/p><p>Palase Police Station<\/p><p><span style=\"color: #00ccff;\"><a style=\"color: #00ccff;\" href=\"https:\/\/pine.al\/activity\/policia\/stacioni-i-policise-palase?lang=it\">https:\/\/pine.al\/activity\/policia\/stacioni-i-policise-palase?lang=it<\/a><\/span><\/p><p>FarmaNet Albania<\/p><p>At the beachfront promenade, Green Coast, Palase<\/p><p>Pharmacy Strakosha<\/p><p>068 239 6980<\/p><p><span style=\"color: #00ccff;\"><a style=\"color: #00ccff;\" href=\"https:\/\/g.co\/kgs\/Ym7Q47K\">https:\/\/g.co\/kgs\/Ym7Q47K<\/a><\/span><\/p>                    <\/div>                    <div id=\"elementor-tab-8825552-3\" class=\"elementor-tab-content elementor-clearfix hide\"><p>SkySportS Center<\/p><p>+355 69 368 4377<\/p><p><span style=\"color: #00ffff;\"><a style=\"color: #00ffff;\" href=\"https:\/\/g.co\/kgs\/UCXn2yh\">https:\/\/g.co\/kgs\/UCXn2yh<\/a><\/span><\/p><p>Boat Trip Albania<\/p><p><a href=\"https:\/\/boatripalbania.com\/\"><span style=\"color: #00ffff;\">https:\/\/boatripalbania.com\/<\/span><\/a><\/p>                    <\/div>                    <div id=\"elementor-tab-8825552-4\" class=\"elementor-tab-content elementor-clearfix hide\"><p>Bamboo Spa &amp; Hammam &#8211; Green Coast Palas\u00eb<\/p><p>+355 69 444 7793<\/p><p><span style=\"color: #00ffff;\"><a style=\"color: #00ffff;\" href=\"https:\/\/g.co\/kgs\/tRc9rPb\">https:\/\/g.co\/kgs\/tRc9rPb<\/a><\/span><\/p><p>Glam- Green Coast<\/p><p><a href=\"https:\/\/www.instagram.com\/glam_greencoast\/\"><span style=\"color: #00ffff;\">https:\/\/www.instagram.com\/glam_greencoast\/<\/span><\/a><\/p><p>Essential Barber Shop<\/p><p>At the beachfront promenade, Green Coast<\/p><p>+355 69\u00a0622 3224<\/p>                    <\/div>                <\/div>\n            <\/div>\t\t\t\t<\/div>\n\t\t\t\t<\/div>\n\t\t\t\t<\/div>\n\t\t\t\t\t<\/div>\n\t\t\t\t<\/div>\n\t\t\t\t<\/div>","protected":false},"excerpt":{"rendered":"<p>Quick Directions Find what you need in a Click! Restaurants &#038; Beach Bars Shops and Malls Essentials Entertainment &#038; Tours Salons &#038; SPA Nazar Beach +355 69 984 8647 https:\/\/g.co\/kgs\/2RJN1wg Zoe Hora +355 69 707 4000 https:\/\/g.co\/kgs\/RTwsuZ8 Whisky +355 69 226 9447 https:\/\/g.co\/kgs\/fW3E3pR Fishop +355 69 600 9064 https:\/\/g.co\/kgs\/U8hZrSS Ulliri +355 68 699 9999 https:\/\/g.co\/kgs\/9xZYYCp &#8230;<\/p>","protected":false},"author":1,"featured_media":0,"parent":0,"menu_order":0,"comment_status":"closed","ping_status":"closed","template":"elementor_header_footer","meta":{"cozystay_single_page_hide_site_header":"","cozystay_single_page_site_header_source":"","cozystay_single_page_custom_site_header":"","cozystay_single_page_custom_sticky_site_header":"","cozystay_single_page_hide_page_title":"on","cozystay_single_page_header_section_size":"","cozystay_single_page_header_background_color":"","cozystay_single_page_header_background_position_x":"center","cozystay_single_page_header_background_position_y":"center","cozystay_single_page_header_background_size":"cover","cozystay_single_page_header_background_repeat":"off","cozystay_single_page_header_background_scroll":"on","cozystay_single_page_header_text_color":"","cozystay_single_page_header_show_breadcrumb":"","cozystay_single_page_site_footer_hide_main":"","cozystay_single_custom_site_footer_main_source":"","cozystay_single_custom_site_footer_main":"","cozystay_single_page_site_footer_hide_above":"","cozystay_single_custom_site_footer_above_source":"","cozystay_single_custom_site_footer_above":"","cozystay_single_page_site_footer_hide_instagram":"","cozystay_single_page_site_footer_hide_bottom":"","cozystay_single_custom_mobile_menu_source":"","cozystay_single_custom_mobile_menu":"","cozystay_single_custom_mobile_menu_animation":"","cozystay_single_custom_mobile_menu_width":"","cozystay_single_custom_mobile_menu_custom_width":375,"footnotes":""},"class_list":["post-1002","page","type-page","status-publish","hentry"],"_links":{"self":[{"href":"https:\/\/dammsvillas.com\/al\/wp-json\/wp\/v2\/pages\/1002","targetHints":{"allow":["GET"]}}],"collection":[{"href":"https:\/\/dammsvillas.com\/al\/wp-json\/wp\/v2\/pages"}],"about":[{"href":"https:\/\/dammsvillas.com\/al\/wp-json\/wp\/v2\/types\/page"}],"author":[{"embeddable":true,"href":"https:\/\/dammsvillas.com\/al\/wp-json\/wp\/v2\/users\/1"}],"replies":[{"embeddable":true,"href":"https:\/\/dammsvillas.com\/al\/wp-json\/wp\/v2\/comments?post=1002"}],"version-history":[{"count":26,"href":"https:\/\/dammsvillas.com\/al\/wp-json\/wp\/v2\/pages\/1002\/revisions"}],"predecessor-version":[{"id":2762,"href":"https:\/\/dammsvillas.com\/al\/wp-json\/wp\/v2\/pages\/1002\/revisions\/2762"}],"wp:attachment":[{"href":"https:\/\/dammsvillas.com\/al\/wp-json\/wp\/v2\/media?parent=1002"}],"curies":[{"name":"wp","href":"https:\/\/api.w.org\/{rel}","templated":true}]}}